{"id":19,"date":"2020-10-13T01:35:03","date_gmt":"2020-10-12T23:35:03","guid":{"rendered":"http:\/\/evainhoa.com\/?page_id=19"},"modified":"2020-10-13T06:10:58","modified_gmt":"2020-10-13T04:10:58","slug":"accueil","status":"publish","type":"page","link":"https:\/\/evainhoa.com\/","title":{"rendered":"Accueil"},"content":{"rendered":"\t\t<div data-elementor-type=\"wp-page\" data-elementor-id=\"19\" class=\"elementor elementor-19\" data-elementor-settings=\"[]\">\n\t\t\t\t\t\t<div class=\"elementor-inner\">\n\t\t\t\t\t\t\t<div class=\"elementor-section-wrap\">\n\t\t\t\t\t\t\t<section class=\"elementor-section elementor-top-section elementor-element elementor-element-332977ce elementor-section-boxed elementor-section-height-default elementor-section-height-default\" data-id=\"332977ce\" data-element_type=\"section\">\n\t\t\t\t\t\t<div class=\"elementor-container elementor-column-gap-default\">\n\t\t\t\t\t\t\t<div class=\"elementor-row\">\n\t\t\t\t\t<div class=\"elementor-column elementor-col-100 elementor-top-column elementor-element elementor-element-61c0c34\" data-id=\"61c0c34\" data-element_type=\"column\">\n\t\t\t<div class=\"elementor-column-wrap elementor-element-populated\">\n\t\t\t\t\t\t\t<div class=\"elementor-widget-wrap\">\n\t\t\t\t\t\t<div class=\"elementor-element elementor-element-4b6245d5 elementor-widget elementor-widget-text-editor\" data-id=\"4b6245d5\" data-element_type=\"widget\" data-widget_type=\"text-editor.default\">\n\t\t\t\t<div class=\"elementor-widget-container\">\n\t\t\t\t\t<div class=\"elementor-text-editor elementor-clearfix\"><p><!-- wp:paragraph --><\/p>\n<h1>Bienvenue<\/h1>\n<h3>La <b>photographie<\/b> est l&rsquo;ensemble des techniques, des proc\u00e9d\u00e9s et des mat\u00e9riels qui permettent d&rsquo;enregistrer ce que l&rsquo;on a imagin\u00e9 visuellement et\/ou \u00e0 la suite d&rsquo;un stimulus visuel<sup id=\"cite_ref-1\" class=\"reference\"><\/sup><\/h3>\n<p><!-- \/wp:paragraph --><\/p><\/div>\n\t\t\t\t<\/div>\n\t\t\t\t<\/div>\n\t\t\t\t\t\t<\/div>\n\t\t\t\t\t<\/div>\n\t\t<\/div>\n\t\t\t\t\t\t\t\t<\/div>\n\t\t\t\t\t<\/div>\n\t\t<\/section>\n\t\t\t\t<section class=\"elementor-section elementor-top-section elementor-element elementor-element-b27de0d elementor-section-boxed elementor-section-height-default elementor-section-height-default\" data-id=\"b27de0d\" data-element_type=\"section\">\n\t\t\t\t\t\t<div class=\"elementor-container elementor-column-gap-default\">\n\t\t\t\t\t\t\t<div class=\"elementor-row\">\n\t\t\t\t\t<div class=\"elementor-column elementor-col-100 elementor-top-column elementor-element elementor-element-e4b9c0a\" data-id=\"e4b9c0a\" data-element_type=\"column\">\n\t\t\t<div class=\"elementor-column-wrap elementor-element-populated\">\n\t\t\t\t\t\t\t<div class=\"elementor-widget-wrap\">\n\t\t\t\t\t\t<div class=\"elementor-element elementor-element-7f42b9d elementor-widget elementor-widget-text-editor\" data-id=\"7f42b9d\" data-element_type=\"widget\" data-widget_type=\"text-editor.default\">\n\t\t\t\t<div class=\"elementor-widget-container\">\n\t\t\t\t\t<div class=\"elementor-text-editor elementor-clearfix\"><h1 style=\"text-align: center;\"><strong><img loading=\"lazy\" class=\"size-medium wp-image-36 aligncenter\" src=\"http:\/\/evainhoa.com\/wp-content\/uploads\/2020\/10\/Logo-Evainhoa-carre-01-300x300.png\" alt=\"\" width=\"300\" height=\"300\" srcset=\"https:\/\/evainhoa.com\/wp-content\/uploads\/2020\/10\/Logo-Evainhoa-carre-01-300x300.png 300w, https:\/\/evainhoa.com\/wp-content\/uploads\/2020\/10\/Logo-Evainhoa-carre-01-1024x1024.png 1024w, https:\/\/evainhoa.com\/wp-content\/uploads\/2020\/10\/Logo-Evainhoa-carre-01-150x150.png 150w, https:\/\/evainhoa.com\/wp-content\/uploads\/2020\/10\/Logo-Evainhoa-carre-01-768x768.png 768w, https:\/\/evainhoa.com\/wp-content\/uploads\/2020\/10\/Logo-Evainhoa-carre-01-1536x1536.png 1536w, https:\/\/evainhoa.com\/wp-content\/uploads\/2020\/10\/Logo-Evainhoa-carre-01-2048x2048.png 2048w, https:\/\/evainhoa.com\/wp-content\/uploads\/2020\/10\/Logo-Evainhoa-carre-01-100x100.png 100w\" sizes=\"(max-width: 300px) 100vw, 300px\" \/>Peindre avec la lumi\u00e8re<\/strong><\/h1><\/div>\n\t\t\t\t<\/div>\n\t\t\t\t<\/div>\n\t\t\t\t\t\t<\/div>\n\t\t\t\t\t<\/div>\n\t\t<\/div>\n\t\t\t\t\t\t\t\t<\/div>\n\t\t\t\t\t<\/div>\n\t\t<\/section>\n\t\t\t\t\t\t<\/div>\n\t\t\t\t\t\t<\/div>\n\t\t\t\t\t<\/div>\n\t\t","protected":false},"excerpt":{"rendered":"<p>Bienvenue La photographie est l&rsquo;ensemble des techniques, des proc\u00e9d\u00e9s et des mat\u00e9riels qui permettent d&rsquo;enregistrer ce que l&rsquo;on a imagin\u00e9 visuellement et\/ou \u00e0 la suite d&rsquo;un stimulus visuel Peindre avec la lumi\u00e8re<\/p>\n","protected":false},"author":1,"featured_media":0,"parent":0,"menu_order":0,"comment_status":"closed","ping_status":"closed","template":"","meta":[],"_links":{"self":[{"href":"https:\/\/evainhoa.com\/index.php\/wp-json\/wp\/v2\/pages\/19"}],"collection":[{"href":"https:\/\/evainhoa.com\/index.php\/wp-json\/wp\/v2\/pages"}],"about":[{"href":"https:\/\/evainhoa.com\/index.php\/wp-json\/wp\/v2\/types\/page"}],"author":[{"embeddable":true,"href":"https:\/\/evainhoa.com\/index.php\/wp-json\/wp\/v2\/users\/1"}],"replies":[{"embeddable":true,"href":"https:\/\/evainhoa.com\/index.php\/wp-json\/wp\/v2\/comments?post=19"}],"version-history":[{"count":4,"href":"https:\/\/evainhoa.com\/index.php\/wp-json\/wp\/v2\/pages\/19\/revisions"}],"predecessor-version":[{"id":84,"href":"https:\/\/evainhoa.com\/index.php\/wp-json\/wp\/v2\/pages\/19\/revisions\/84"}],"wp:attachment":[{"href":"https:\/\/evainhoa.com\/index.php\/wp-json\/wp\/v2\/media?parent=19"}],"curies":[{"name":"wp","href":"https:\/\/api.w.org\/{rel}","templated":true}]}}